{"id":1706,"date":"2025-11-25T18:37:14","date_gmt":"2025-11-25T18:37:14","guid":{"rendered":"https:\/\/monster-tribe.com\/product\/angelica-monster-tribe-hardcover-journal-matte\/"},"modified":"2026-01-12T17:29:14","modified_gmt":"2026-01-12T17:29:14","slug":"angelica-monster-tribe-hardcover-journal-matte","status":"publish","type":"product","link":"https:\/\/monster-tribe.com\/it\/prodotto\/angelica-monster-tribe-hardcover-journal-matte\/","title":{"rendered":"Il diario di Angelica"},"content":{"rendered":"<p>Ad Angelica piace conservare i momenti per i posteri. Ama sorridere per le foto e ama annotare ogni giorno tutti i suoi pensieri, idee ed esperienze nel suo diario. In questo modo sa che ricorder\u00e0 sempre le cose... e sapr\u00e0 sempre cosa \u00e8 importante!<\/p>\n<p>Ma puoi usarlo come preferisci! Diario alimentare, Diario di bordo, Storie, idee o schizzi... tutti i tuoi spunti creativi, proprio l\u00ec nella tua tasca.<\/p>\n<p>L'edizione limitata termina a giugno 2026<\/p>\n<p class=\"translation-block\">Informazioni sul diario: Liscio, elegante e totalmente tuo: questo diario con copertina rigida opaca \u00e8 pronto per i tuoi pensieri quotidiani, schizzi o progetti folli. 150 pagine a righe, fogli strappabili e una copertina audace che risalta.\n\u2022 Copertina anteriore e posteriore plastificata opaca\n\u2022 150 pagine (75 fogli): a righe, color crema, non patinata\n\u2022 Grammatura copertina: 118 g\/m\u00b2\n\u2022 Grammatura pagina: 104 g\/m\u00b2\n\u2022 Dimensioni: 14,6 cm \u00d7 20,3 cm\n\u2022 Pagine perforate per uno strappo facile\n\u2022 Rilegatura con copertina rigida e dorso flessibile cucito\n\u2022 Prodotto vuoto, proveniente e prodotto negli Stati Uniti<\/p>\n<p class=\"translation-block\">Limitazioni di et\u00e0: per adulti\nGaranzia UE: 2 anni<\/p>\n<p>In compliance with the General Product Safety Regulation (GPSR), <b>Christina Ayer<\/b> ensures that all consumer products offered are safe and meet EU standards. For any product safety related inquiries or concerns, please contact us at <b>ayer.christina@gmail.com<\/b> or write to us <b>Via Silvio Moretti 70, 25070 Sabbio Chiese, Italy.<b><\/b><\/b><\/p>","protected":false},"excerpt":{"rendered":"<p>Ad Angelica piace conservare i momenti per i posteri. Ama sorridere per le foto e ama annotare ogni giorno tutti i suoi pensieri, idee ed esperienze nel suo diario. In questo modo sa che ricorder\u00e0 sempre le cose... e sapr\u00e0 sempre cosa \u00e8 importante!<\/p>","protected":false},"featured_media":1707,"comment_status":"open","ping_status":"closed","template":"","meta":[],"product_brand":[],"product_cat":[53,128,124],"product_tag":[],"class_list":{"0":"post-1706","1":"product","2":"type-product","3":"status-publish","4":"has-post-thumbnail","6":"product_cat-angelica","7":"product_cat-january-team-2026","8":"product_cat-notebooks","10":"first","11":"instock","12":"shipping-taxable","13":"purchasable","14":"product-type-simple"},"_links":{"self":[{"href":"https:\/\/monster-tribe.com\/it\/wp-json\/wp\/v2\/product\/1706","targetHints":{"allow":["GET"]}}],"collection":[{"href":"https:\/\/monster-tribe.com\/it\/wp-json\/wp\/v2\/product"}],"about":[{"href":"https:\/\/monster-tribe.com\/it\/wp-json\/wp\/v2\/types\/product"}],"replies":[{"embeddable":true,"href":"https:\/\/monster-tribe.com\/it\/wp-json\/wp\/v2\/comments?post=1706"}],"wp:featuredmedia":[{"embeddable":true,"href":"https:\/\/monster-tribe.com\/it\/wp-json\/wp\/v2\/media\/1707"}],"wp:attachment":[{"href":"https:\/\/monster-tribe.com\/it\/wp-json\/wp\/v2\/media?parent=1706"}],"wp:term":[{"taxonomy":"product_brand","embeddable":true,"href":"https:\/\/monster-tribe.com\/it\/wp-json\/wp\/v2\/product_brand?post=1706"},{"taxonomy":"product_cat","embeddable":true,"href":"https:\/\/monster-tribe.com\/it\/wp-json\/wp\/v2\/product_cat?post=1706"},{"taxonomy":"product_tag","embeddable":true,"href":"https:\/\/monster-tribe.com\/it\/wp-json\/wp\/v2\/product_tag?post=1706"}],"curies":[{"name":"wp","href":"https:\/\/api.w.org\/{rel}","templated":true}]}}