{"id":2695,"date":"2026-01-07T20:51:48","date_gmt":"2026-01-07T20:51:48","guid":{"rendered":"https:\/\/monster-tribe.com\/product\/angelicas-mug\/"},"modified":"2026-01-08T08:54:21","modified_gmt":"2026-01-08T08:54:21","slug":"angelicas-mug","status":"publish","type":"product","link":"https:\/\/monster-tribe.com\/it\/prodotto\/angelicas-mug\/","title":{"rendered":"La tazza di Angelica"},"content":{"rendered":"<p>Sedersi sulla spiaggia a guardare l'alba e scaldarsi mani e cuori con una grande tazza di caff\u00e8 caldo \u00e8 una delle cose preferite di Angelica, soprattutto quando sulla tazza c'\u00e8 il suo viso! Disponibile in due misure: normale e grande, per scaldare le mani e sorseggiare lentamente e con calma (questa \u00e8 la mia preferita!).<\/p>\n<p class=\"translation-block\">Questa <b>edizione limitata termina a giugno 2026<\/b>, quindi collezionala finch\u00e9 puoi!<\/p>\n<p>Che tu stia bevendo il caff\u00e8 del mattino, il t\u00e8 della sera o qualsiasi altra cosa, questa tazza \u00e8 perfetta per te! \u00c8 robusta e lucida, con una stampa vivida che resiste al microonde e alla lavastoviglie.<\/p>\n<p class=\"translation-block\">\u2022 Ceramica<br>\n\u2022 Dimensioni della tazza da 11 oz: 3,8\" (9,6 cm) di altezza, 3,2\" (8,2 cm) di diametro<br>\n\u2022 Dimensioni della tazza da 15 oz: 4,7\" (11,9 cm) di altezza, 3,3\" (8,5 cm) di diametro<br>\n\u2022 Dimensioni della tazza da 20 oz: 4,3\" (10,9 cm) di altezza, 3,7\" (9,3 cm) di diametro<br>\n\u2022 Materiale privo di piombo e BPA<br>\n\u2022 Lavabile in lavastoviglie e adatto al microonde<br>\n\u2022 Prodotto grezzo proveniente dalla Cina<\/p>\n<p class=\"translation-block\">Limitazioni di et\u00e0: per adulti<br>\nGaranzia UE: 2 anni<br>\nAltre informazioni sulla conformit\u00e0: soddisfa i requisiti relativi ai livelli di piombo e cadmio.<\/p>\n<p class=\"translation-block\">In conformit\u00e0 con il Regolamento Generale sulla Sicurezza dei Prodotti (GPSR), <b>Christina Ayer<\/b> garantisce che tutti i prodotti di consumo offerti siano sicuri e conformi agli standard UE. Per qualsiasi domanda o dubbio relativo alla sicurezza dei prodotti, contattateci all'indirizzo <b>ayer.christina@gmail.com<\/b> o scriveteci <b>tramite S. Moretti 70, Sabbio Chiese, Italia.<b><\/b><\/b><\/p>","protected":false},"excerpt":{"rendered":"<p>Sedersi sulla spiaggia a guardare l'alba e scaldarsi mani e cuori con una grande tazza di caff\u00e8 caldo \u00e8 una delle cose preferite di Angelica, soprattutto quando sulla tazza c'\u00e8 il suo viso! Disponibile in due misure: normale e grande, per scaldare le mani e sorseggiare lentamente e con calma (questa \u00e8 la mia preferita!).<\/p>","protected":false},"featured_media":2698,"comment_status":"open","ping_status":"closed","template":"","meta":[],"product_brand":[],"product_cat":[53,128,130],"product_tag":[],"class_list":{"0":"post-2695","1":"product","2":"type-product","3":"status-publish","4":"has-post-thumbnail","6":"product_cat-angelica","7":"product_cat-january-team-2026","8":"product_cat-mugs","10":"first","11":"instock","12":"shipping-taxable","13":"purchasable","14":"product-type-variable"},"_links":{"self":[{"href":"https:\/\/monster-tribe.com\/it\/wp-json\/wp\/v2\/product\/2695","targetHints":{"allow":["GET"]}}],"collection":[{"href":"https:\/\/monster-tribe.com\/it\/wp-json\/wp\/v2\/product"}],"about":[{"href":"https:\/\/monster-tribe.com\/it\/wp-json\/wp\/v2\/types\/product"}],"replies":[{"embeddable":true,"href":"https:\/\/monster-tribe.com\/it\/wp-json\/wp\/v2\/comments?post=2695"}],"wp:featuredmedia":[{"embeddable":true,"href":"https:\/\/monster-tribe.com\/it\/wp-json\/wp\/v2\/media\/2698"}],"wp:attachment":[{"href":"https:\/\/monster-tribe.com\/it\/wp-json\/wp\/v2\/media?parent=2695"}],"wp:term":[{"taxonomy":"product_brand","embeddable":true,"href":"https:\/\/monster-tribe.com\/it\/wp-json\/wp\/v2\/product_brand?post=2695"},{"taxonomy":"product_cat","embeddable":true,"href":"https:\/\/monster-tribe.com\/it\/wp-json\/wp\/v2\/product_cat?post=2695"},{"taxonomy":"product_tag","embeddable":true,"href":"https:\/\/monster-tribe.com\/it\/wp-json\/wp\/v2\/product_tag?post=2695"}],"curies":[{"name":"wp","href":"https:\/\/api.w.org\/{rel}","templated":true}]}}