{"id":2740,"date":"2026-01-07T21:13:14","date_gmt":"2026-01-07T21:13:14","guid":{"rendered":"https:\/\/monster-tribe.com\/product\/spiddlebys-mug\/"},"modified":"2026-01-08T08:52:53","modified_gmt":"2026-01-08T08:52:53","slug":"spiddlebys-mug","status":"publish","type":"product","link":"https:\/\/monster-tribe.com\/it\/prodotto\/spiddlebys-mug\/","title":{"rendered":"La tazza di Spiddleby"},"content":{"rendered":"<p>Spiddleby ama la quiete e la riflessione che accompagnano una buona tazza di t\u00e8 caldo. Il suo preferito \u00e8 quello al gusto di cannella e anice... Le tazze sono disponibili in due misure: normale e grande, per scaldare le mani e sorseggiare lentamente e con calma (questa \u00e8 la mia preferita!).<\/p>\n<p class=\"translation-block\">Questa <b>edizione limitata termina a giugno 2026<\/b>, quindi collezionala finch\u00e9 puoi!<\/p>\n<p>Che tu stia bevendo il caff\u00e8 del mattino, il t\u00e8 della sera o qualsiasi altra cosa, questa tazza \u00e8 perfetta per te! \u00c8 robusta e lucida, con una stampa vivida che resiste al microonde e alla lavastoviglie.<\/p>\n<p class=\"translation-block\">\u2022 Ceramica<br>\n\u2022 Dimensioni della tazza da 11 oz: 3,8\" (9,6 cm) di altezza, 3,2\" (8,2 cm) di diametro<br>\n\u2022 Dimensioni della tazza da 15 oz: 4,7\" (11,9 cm) di altezza, 3,3\" (8,5 cm) di diametro<br>\n\u2022 Dimensioni della tazza da 20 oz: 4,3\" (10,9 cm) di altezza, 3,7\" (9,3 cm) di diametro<br>\n\u2022 Materiale privo di piombo e BPA<br>\n\u2022 Lavabile in lavastoviglie e adatto al microonde<br>\n\u2022 Prodotto grezzo proveniente dalla Cina<\/p>\n<p class=\"translation-block\">Limitazioni di et\u00e0: per adulti<br>\nGaranzia UE: 2 anni<br>\nAltre informazioni sulla conformit\u00e0: soddisfa i requisiti relativi ai livelli di piombo e cadmio.<\/p>\n<p class=\"translation-block\">In conformit\u00e0 con il Regolamento Generale sulla Sicurezza dei Prodotti (GPSR), <b>Christina Ayer<\/b> garantisce che tutti i prodotti di consumo offerti siano sicuri e conformi agli standard UE. Per qualsiasi domanda o dubbio relativo alla sicurezza dei prodotti, contattateci all'indirizzo <b>ayer.christina@gmail.com<\/b> o scriveteci <b>tramite S. Moretti 70, Sabbio Chiese, Italia.<b><\/b><\/b><\/p>","protected":false},"excerpt":{"rendered":"<p>Spiddleby ama la quiete e la riflessione che accompagnano una buona tazza di t\u00e8 caldo. Il suo preferito \u00e8 quello al gusto di cannella e anice... Le tazze sono disponibili in due misure: normale e grande, per scaldare le mani e sorseggiare lentamente e con calma (questa \u00e8 la mia preferita!).<\/p>","protected":false},"featured_media":2743,"comment_status":"open","ping_status":"closed","template":"","meta":[],"product_brand":[],"product_cat":[128,130,52],"product_tag":[],"class_list":{"0":"post-2740","1":"product","2":"type-product","3":"status-publish","4":"has-post-thumbnail","6":"product_cat-january-team-2026","7":"product_cat-mugs","8":"product_cat-spiddleby","10":"first","11":"instock","12":"shipping-taxable","13":"purchasable","14":"product-type-variable"},"_links":{"self":[{"href":"https:\/\/monster-tribe.com\/it\/wp-json\/wp\/v2\/product\/2740","targetHints":{"allow":["GET"]}}],"collection":[{"href":"https:\/\/monster-tribe.com\/it\/wp-json\/wp\/v2\/product"}],"about":[{"href":"https:\/\/monster-tribe.com\/it\/wp-json\/wp\/v2\/types\/product"}],"replies":[{"embeddable":true,"href":"https:\/\/monster-tribe.com\/it\/wp-json\/wp\/v2\/comments?post=2740"}],"wp:featuredmedia":[{"embeddable":true,"href":"https:\/\/monster-tribe.com\/it\/wp-json\/wp\/v2\/media\/2743"}],"wp:attachment":[{"href":"https:\/\/monster-tribe.com\/it\/wp-json\/wp\/v2\/media?parent=2740"}],"wp:term":[{"taxonomy":"product_brand","embeddable":true,"href":"https:\/\/monster-tribe.com\/it\/wp-json\/wp\/v2\/product_brand?post=2740"},{"taxonomy":"product_cat","embeddable":true,"href":"https:\/\/monster-tribe.com\/it\/wp-json\/wp\/v2\/product_cat?post=2740"},{"taxonomy":"product_tag","embeddable":true,"href":"https:\/\/monster-tribe.com\/it\/wp-json\/wp\/v2\/product_tag?post=2740"}],"curies":[{"name":"wp","href":"https:\/\/api.w.org\/{rel}","templated":true}]}}