{"id":2790,"date":"2026-01-08T08:31:11","date_gmt":"2026-01-08T08:31:11","guid":{"rendered":"https:\/\/monster-tribe.com\/product\/angelicas-cozy\/"},"modified":"2026-01-12T12:16:40","modified_gmt":"2026-01-12T12:16:40","slug":"angelicas-cozy","status":"publish","type":"product","link":"https:\/\/monster-tribe.com\/it\/prodotto\/angelicas-cozy\/","title":{"rendered":"La felpa di Angelica"},"content":{"rendered":"<p>Ecco Angelica. \u00c8 un po' insicura, ma adora conoscere nuove persone. Ogni nuovo incontro per lei \u00e8 pieno di aspettative e possibilit\u00e0: spera davvero che la amiate tanto quanto lei ama voi! Qui si sta divertendo con il fotografo e invita tutti a sorridere con lei e a dire \"Cheeeeeze!\"<\/p>\n<p>This Angelica Sweatshirt is a limited edition, and she has signed her name in the limited edition tag on the back of the shirt &#8211; this <b> limited edition ends June 2026<\/b>, so collect while you still can!<\/p>\n<p>It is A sturdy and warm sweatshirt bound to keep you warm in the colder months. A pre-shrunk, classic fit sweater that\u2019s made with air-jet spun yarn for a soft feel.<\/p>\n<p class=\"translation-block\">\u2022 50% cotton, 50% polyester<br>\r\n\u2022 Pre-shrunk<br>\r\n\u2022 Classic fit<br>\r\n\u2022 1\u00d71 athletic rib knit collar with spandex<br>\r\n\u2022 Air-jet spun yarn with a soft feel<br>\r\n\u2022 Double-needle stitched collar, shoulders, armholes, cuffs, and hem<\/p>\n<p class=\"translation-block\">Avvertenze:<br>\n\u2022 A causa delle propriet\u00e0 del tessuto, la variante di colore Bianco potrebbe apparire bianco sporco anzich\u00e9 bianco brillante.<br>\n\u2022 La delicata tonalit\u00e0 arancione cambia con l'illuminazione nella variante di colore Arancione.<\/p>\n<p>Age restrictions: For adults<br \/>\nEU Warranty: 2 years<br \/>\nOther compliance information: Meets the flammability, lead, cadmium, bisphenols and phthalates level requirements.<\/p>\n<p class=\"translation-block\">In conformit\u00e0 con il Regolamento Generale sulla Sicurezza dei Prodotti (GPSR), <b>Christina Ayer<\/b> garantisce che tutti i prodotti di consumo offerti siano sicuri e conformi agli standard UE. Per qualsiasi domanda o dubbio relativo alla sicurezza dei prodotti, contattateci all'indirizzo <b>ayer.christina@gmail.com<\/b> o scriveteci <b>tramite S. Moretti 70, Sabbio Chiese, Italia.<b><\/b><\/b><\/p>","protected":false},"excerpt":{"rendered":"<p>Ecco Angelica. \u00c8 un po' insicura, ma adora conoscere nuove persone. Ogni nuovo incontro per lei \u00e8 pieno di aspettative e possibilit\u00e0: spera davvero che la amiate tanto quanto lei ama voi! Qui si sta divertendo con il fotografo e invita tutti a sorridere con lei e a dire \"Cheeeeeze!\"<\/p>","protected":false},"featured_media":2812,"comment_status":"open","ping_status":"closed","template":"","meta":[],"product_brand":[],"product_cat":[53,139,128,49],"product_tag":[],"class_list":{"0":"post-2790","1":"product","2":"type-product","3":"status-publish","4":"has-post-thumbnail","6":"product_cat-angelica","7":"product_cat-featured","8":"product_cat-january-team-2026","9":"product_cat-sweatshirts","11":"first","12":"instock","13":"shipping-taxable","14":"purchasable","15":"product-type-variable"},"_links":{"self":[{"href":"https:\/\/monster-tribe.com\/it\/wp-json\/wp\/v2\/product\/2790","targetHints":{"allow":["GET"]}}],"collection":[{"href":"https:\/\/monster-tribe.com\/it\/wp-json\/wp\/v2\/product"}],"about":[{"href":"https:\/\/monster-tribe.com\/it\/wp-json\/wp\/v2\/types\/product"}],"replies":[{"embeddable":true,"href":"https:\/\/monster-tribe.com\/it\/wp-json\/wp\/v2\/comments?post=2790"}],"wp:featuredmedia":[{"embeddable":true,"href":"https:\/\/monster-tribe.com\/it\/wp-json\/wp\/v2\/media\/2812"}],"wp:attachment":[{"href":"https:\/\/monster-tribe.com\/it\/wp-json\/wp\/v2\/media?parent=2790"}],"wp:term":[{"taxonomy":"product_brand","embeddable":true,"href":"https:\/\/monster-tribe.com\/it\/wp-json\/wp\/v2\/product_brand?post=2790"},{"taxonomy":"product_cat","embeddable":true,"href":"https:\/\/monster-tribe.com\/it\/wp-json\/wp\/v2\/product_cat?post=2790"},{"taxonomy":"product_tag","embeddable":true,"href":"https:\/\/monster-tribe.com\/it\/wp-json\/wp\/v2\/product_tag?post=2790"}],"curies":[{"name":"wp","href":"https:\/\/api.w.org\/{rel}","templated":true}]}}