{"id":2944,"date":"2026-01-08T09:21:41","date_gmt":"2026-01-08T09:21:41","guid":{"rendered":"https:\/\/monster-tribe.com\/product\/mikeys-cozy-sweatshirt\/"},"modified":"2026-01-08T09:56:40","modified_gmt":"2026-01-08T09:56:40","slug":"mikeys-cozy-sweatshirt","status":"publish","type":"product","link":"https:\/\/monster-tribe.com\/it\/prodotto\/mikeys-cozy-sweatshirt\/","title":{"rendered":"La felpa di Mikey"},"content":{"rendered":"<p>This is Mikey&#8230; he&#8217;ll eat anything!  Literally. Nuts, bolts, safety pins, seashells.  He&#8217;s not picky about his food, but he is quite precise about everything else around him.  He likes for things to be &#8220;just so&#8221;, and doesn&#8217;t mind putting in the time and effort to make sure they are, down to the smallest detail.  To a more messy monster, this might seem annoying, but really its a godsend&#8230;someone has to take care of the details, right?<\/p>\n<p>Questa maglietta di Mikey \u00e8 un'edizione limitata e lui ha firmato con il suo nome l'etichetta dell'edizione limitata sul retro della maglietta. <\/p>\n<p>L'edizione limitata termina a giugno 2026, quindi collezionala finch\u00e9 puoi!<\/p>\n<p>Una felpa robusta e calda, perfetta per tenerti al caldo nei mesi pi\u00f9 freddi. Un maglione prelavato dalla vestibilit\u00e0 classica, realizzato con filato air-jet per una sensazione di morbidezza.<\/p>\n<p class=\"translation-block\">\u2022 50% cotton, 50% polyester<br>\r\n\u2022 Pre-shrunk<br>\r\n\u2022 Classic fit<br>\r\n\u2022 1\u00d71 athletic rib knit collar with spandex<br>\r\n\u2022 Air-jet spun yarn with a soft feel<br>\r\n\u2022 Double-needle stitched collar, shoulders, armholes, cuffs, and hem<\/p>\n<p class=\"translation-block\">Avvertenze:<br>\n\u2022 A causa delle propriet\u00e0 del tessuto, la variante di colore Bianco potrebbe apparire bianco sporco anzich\u00e9 bianco brillante.<br>\n\u2022 La delicata tonalit\u00e0 arancione cambia con l'illuminazione nella variante di colore Arancione.<\/p>\n<p>Age restrictions: For adults<br \/>\nEU Warranty: 2 years<br \/>\nOther compliance information: Meets the flammability, lead, cadmium, bisphenols and phthalates level requirements.<\/p>\n<p class=\"translation-block\">In conformit\u00e0 con il Regolamento Generale sulla Sicurezza dei Prodotti (GPSR), <b>Christina Ayer<\/b> garantisce che tutti i prodotti di consumo offerti siano sicuri e conformi agli standard UE. Per qualsiasi domanda o dubbio relativo alla sicurezza dei prodotti, contattateci all'indirizzo <b>ayer.christina@gmail.com<\/b> o scriveteci <b>tramite S. Moretti 70, Sabbio Chiese, Italia.<b><\/b><\/b><\/p>","protected":false},"excerpt":{"rendered":"<p>Questo \u00e8 Mikey... mangerebbe qualsiasi cosa! Letteralmente. Dadi, bulloni, spille da balia, conchiglie. Non \u00e8 schizzinoso con il cibo, ma \u00e8 piuttosto preciso con tutto ci\u00f2 che lo circonda. Gli piace che le cose siano \"perfette\" e non gli dispiace dedicare tempo e impegno per assicurarsi che lo siano, fin nel pi\u00f9 piccolo dettaglio.<\/p>","protected":false},"featured_media":2966,"comment_status":"open","ping_status":"closed","template":"","meta":[],"product_brand":[],"product_cat":[128,89,49],"product_tag":[],"class_list":{"0":"post-2944","1":"product","2":"type-product","3":"status-publish","4":"has-post-thumbnail","6":"product_cat-january-team-2026","7":"product_cat-mikey","8":"product_cat-sweatshirts","10":"first","11":"instock","12":"shipping-taxable","13":"purchasable","14":"product-type-variable"},"_links":{"self":[{"href":"https:\/\/monster-tribe.com\/it\/wp-json\/wp\/v2\/product\/2944","targetHints":{"allow":["GET"]}}],"collection":[{"href":"https:\/\/monster-tribe.com\/it\/wp-json\/wp\/v2\/product"}],"about":[{"href":"https:\/\/monster-tribe.com\/it\/wp-json\/wp\/v2\/types\/product"}],"replies":[{"embeddable":true,"href":"https:\/\/monster-tribe.com\/it\/wp-json\/wp\/v2\/comments?post=2944"}],"wp:featuredmedia":[{"embeddable":true,"href":"https:\/\/monster-tribe.com\/it\/wp-json\/wp\/v2\/media\/2966"}],"wp:attachment":[{"href":"https:\/\/monster-tribe.com\/it\/wp-json\/wp\/v2\/media?parent=2944"}],"wp:term":[{"taxonomy":"product_brand","embeddable":true,"href":"https:\/\/monster-tribe.com\/it\/wp-json\/wp\/v2\/product_brand?post=2944"},{"taxonomy":"product_cat","embeddable":true,"href":"https:\/\/monster-tribe.com\/it\/wp-json\/wp\/v2\/product_cat?post=2944"},{"taxonomy":"product_tag","embeddable":true,"href":"https:\/\/monster-tribe.com\/it\/wp-json\/wp\/v2\/product_tag?post=2944"}],"curies":[{"name":"wp","href":"https:\/\/api.w.org\/{rel}","templated":true}]}}