{"id":3080,"date":"2026-01-08T09:39:59","date_gmt":"2026-01-08T09:39:59","guid":{"rendered":"https:\/\/monster-tribe.com\/product\/elviss-cozy-sweatshirt\/"},"modified":"2026-01-12T17:24:16","modified_gmt":"2026-01-12T17:24:16","slug":"elviss-cozy-sweatshirt","status":"publish","type":"product","link":"https:\/\/monster-tribe.com\/it\/prodotto\/elviss-cozy-sweatshirt\/","title":{"rendered":"La felpa di Elvis"},"content":{"rendered":"<p>Questo \u00e8 Elvis. \u00c8 molto timido e lo si vede raramente in compagnia. Non \u00e8 molto bravo a comunicare e non gli piace proprio fare festa. Ma \u00e8 bravissimo a stare seduto in silenzio con un amico e ad ascoltare con tutto il cuore. Se hai bisogno di un posto sicuro, di qualcuno che ti ascolti senza interromperti e che si prenda cura di te in ogni caso, allora Elvis \u00e8 il tuo mostro.  <\/p>\n<p>Questa maglietta di Elvis \u00e8 un'edizione limitata e l'artista ha firmato con il suo nome l'etichetta dell'edizione limitata sul retro della maglietta. <\/p>\n<p>L'edizione limitata termina a giugno 2026, quindi collezionala finch\u00e9 puoi!<\/p>\n<p>Una felpa robusta e calda, perfetta per tenerti al caldo nei mesi pi\u00f9 freddi. Un maglione prelavato dalla vestibilit\u00e0 classica, realizzato con filato air-jet per una sensazione di morbidezza.<\/p>\n<p class=\"translation-block\">\u2022 50% cotton, 50% polyester<br>\r\n\u2022 Pre-shrunk<br>\r\n\u2022 Classic fit<br>\r\n\u2022 1\u00d71 athletic rib knit collar with spandex<br>\r\n\u2022 Air-jet spun yarn with a soft feel<br>\r\n\u2022 Double-needle stitched collar, shoulders, armholes, cuffs, and hem<\/p>\n<p class=\"translation-block\">Avvertenze:<br>\n\u2022 A causa delle propriet\u00e0 del tessuto, la variante di colore Bianco potrebbe apparire bianco sporco anzich\u00e9 bianco brillante.<br>\n\u2022 La delicata tonalit\u00e0 arancione cambia con l'illuminazione nella variante di colore Arancione.<\/p>\n<p>Age restrictions: For adults<br \/>\nEU Warranty: 2 years<br \/>\nOther compliance information: Meets the flammability, lead, cadmium, bisphenols and phthalates level requirements.<\/p>\n<p class=\"translation-block\">In conformit\u00e0 con il Regolamento Generale sulla Sicurezza dei Prodotti (GPSR), <b>Christina Ayer<\/b> garantisce che tutti i prodotti di consumo offerti siano sicuri e conformi agli standard UE. Per qualsiasi domanda o dubbio relativo alla sicurezza dei prodotti, contattateci all'indirizzo <b>ayer.christina@gmail.com<\/b> o scriveteci <b>tramite S. Moretti 70, Sabbio Chiese, Italia.<b><\/b><\/b><\/p>","protected":false},"excerpt":{"rendered":"<p>Questo \u00e8 Elvis. \u00c8 molto silenzioso e lo si vede raramente in compagnia. Non \u00e8 molto bravo a comunicare e non gli piace proprio fare festa. Ma \u00e8 bravissimo a stare seduto in silenzio con un amico e ad ascoltare con tutto il cuore. Se hai bisogno di un posto sicuro, di qualcuno che ti ascolti senza interromperti e che si prenda cura di te in ogni caso, allora Elvis \u00e8 il tuo mostro.<\/p>","protected":false},"featured_media":3102,"comment_status":"open","ping_status":"closed","template":"","meta":[],"product_brand":[],"product_cat":[95,128,49],"product_tag":[],"class_list":{"0":"post-3080","1":"product","2":"type-product","3":"status-publish","4":"has-post-thumbnail","6":"product_cat-elvis","7":"product_cat-january-team-2026","8":"product_cat-sweatshirts","10":"first","11":"instock","12":"shipping-taxable","13":"purchasable","14":"product-type-variable"},"_links":{"self":[{"href":"https:\/\/monster-tribe.com\/it\/wp-json\/wp\/v2\/product\/3080","targetHints":{"allow":["GET"]}}],"collection":[{"href":"https:\/\/monster-tribe.com\/it\/wp-json\/wp\/v2\/product"}],"about":[{"href":"https:\/\/monster-tribe.com\/it\/wp-json\/wp\/v2\/types\/product"}],"replies":[{"embeddable":true,"href":"https:\/\/monster-tribe.com\/it\/wp-json\/wp\/v2\/comments?post=3080"}],"wp:featuredmedia":[{"embeddable":true,"href":"https:\/\/monster-tribe.com\/it\/wp-json\/wp\/v2\/media\/3102"}],"wp:attachment":[{"href":"https:\/\/monster-tribe.com\/it\/wp-json\/wp\/v2\/media?parent=3080"}],"wp:term":[{"taxonomy":"product_brand","embeddable":true,"href":"https:\/\/monster-tribe.com\/it\/wp-json\/wp\/v2\/product_brand?post=3080"},{"taxonomy":"product_cat","embeddable":true,"href":"https:\/\/monster-tribe.com\/it\/wp-json\/wp\/v2\/product_cat?post=3080"},{"taxonomy":"product_tag","embeddable":true,"href":"https:\/\/monster-tribe.com\/it\/wp-json\/wp\/v2\/product_tag?post=3080"}],"curies":[{"name":"wp","href":"https:\/\/api.w.org\/{rel}","templated":true}]}}