{"id":3174,"date":"2026-01-08T15:58:07","date_gmt":"2026-01-08T15:58:07","guid":{"rendered":"https:\/\/monster-tribe.com\/product\/archies-cool-t-shirt\/"},"modified":"2026-01-08T15:59:26","modified_gmt":"2026-01-08T15:59:26","slug":"archies-cool-t-shirt","status":"publish","type":"product","link":"https:\/\/monster-tribe.com\/it\/prodotto\/archies-cool-t-shirt\/","title":{"rendered":"La Maglietta di Archie"},"content":{"rendered":"<p>Archie \u00e8 un volatore. Ha un'energia incredibile e quando \u00e8 a terra salta in continuazione. \u00c8 pi\u00f9 felice quando salta in aria, librandosi da un ramo all'altro degli alberi. Infatti, ha costruito un nido in alto tra gli alberi e ogni suo respiro \u00e8 pieno di foresta. Ama i nuovi amici e tutti sono invitati a fargli visita per un t\u00e8... lass\u00f9... se ne avete il coraggio! <\/p>\n<p>Questa maglietta di Archibald \u00e8 un'edizione limitata e l'autore ha firmato l'etichetta dell'edizione limitata sul retro della maglietta.  <\/p>\n<p>L'edizione limitata termina a giugno 2026, quindi collezionala finch\u00e9 puoi! <\/p>\n<p>Ora hai trovato la t-shirt essenziale del tuo guardaroba. \u00c8 realizzata in 100% cotone filato ad anello ed \u00e8 morbida e confortevole. Le doppie cuciture su scollo e maniche la rendono pi\u00f9 resistente e sicuramente diventer\u00e0 la tua preferita!  <\/p>\n<p class=\"translation-block\">\u2022 100% cotone ring-spun<br>\n\u2022 Il grigio Sport \u00e8 90% cotone ring-spun, 10% poliestere<br>\n\u2022 Il m\u00e9lange scuro \u00e8 65% poliestere, 35% cotone<br>\n\u2022 153 g\/m\u00b2 (4,5 oz\/yd\u00b2)<br>\n\u2022 Nastro da spalla a spalla<br>\n\u2022 Rivoltato a un quarto per evitare pieghe al centro<br>\n\u2022 Prodotto grezzo proveniente da Bangladesh, Nicaragua, Honduras, Repubblica Dominicana, Haiti o Guatemala<\/p>\n<p>Disclaimer: a causa delle propriet\u00e0 del tessuto, la variante di colore bianco potrebbe apparire bianco sporco anzich\u00e9 bianco brillante.<\/p>\n<p class=\"translation-block\">Limitazioni di et\u00e0: per adulti<br>\nGaranzia UE: 2 anni<br>\nAltre informazioni sulla conformit\u00e0: soddisfa i requisiti di infiammabilit\u00e0, piombo, cadmio, ftalati e formaldeide.<\/p>\n<p class=\"translation-block\">In conformit\u00e0 con il Regolamento Generale sulla Sicurezza dei Prodotti (GPSR), <b>Christina Ayer<\/b> garantisce che tutti i prodotti di consumo offerti siano sicuri e conformi agli standard UE. Per qualsiasi domanda o dubbio relativo alla sicurezza dei prodotti, contattateci all'indirizzo <b>ayer.christina@gmail.com<\/b> o scriveteci <b>tramite S. Moretti 70, Sabbio Chiese, Italia.<b><\/b><\/b><\/p>","protected":false},"excerpt":{"rendered":"<p>Archie \u00e8 un volatore. Ha tantissima energia e quando \u00e8 a terra salta in continuazione. \u00c8 pi\u00f9 felice quando salta in aria, librandosi da un ramo all'altro degli alberi. Infatti, ha costruito un nido in alto tra gli alberi e ogni suo respiro \u00e8 pieno [\u2026]<\/p>","protected":false},"featured_media":3205,"comment_status":"open","ping_status":"closed","template":"","meta":[],"product_brand":[],"product_cat":[88,128,48],"product_tag":[],"class_list":{"0":"post-3174","1":"product","2":"type-product","3":"status-publish","4":"has-post-thumbnail","6":"product_cat-archie","7":"product_cat-january-team-2026","8":"product_cat-t-shirts","10":"first","11":"instock","12":"shipping-taxable","13":"purchasable","14":"product-type-variable"},"_links":{"self":[{"href":"https:\/\/monster-tribe.com\/it\/wp-json\/wp\/v2\/product\/3174","targetHints":{"allow":["GET"]}}],"collection":[{"href":"https:\/\/monster-tribe.com\/it\/wp-json\/wp\/v2\/product"}],"about":[{"href":"https:\/\/monster-tribe.com\/it\/wp-json\/wp\/v2\/types\/product"}],"replies":[{"embeddable":true,"href":"https:\/\/monster-tribe.com\/it\/wp-json\/wp\/v2\/comments?post=3174"}],"wp:featuredmedia":[{"embeddable":true,"href":"https:\/\/monster-tribe.com\/it\/wp-json\/wp\/v2\/media\/3205"}],"wp:attachment":[{"href":"https:\/\/monster-tribe.com\/it\/wp-json\/wp\/v2\/media?parent=3174"}],"wp:term":[{"taxonomy":"product_brand","embeddable":true,"href":"https:\/\/monster-tribe.com\/it\/wp-json\/wp\/v2\/product_brand?post=3174"},{"taxonomy":"product_cat","embeddable":true,"href":"https:\/\/monster-tribe.com\/it\/wp-json\/wp\/v2\/product_cat?post=3174"},{"taxonomy":"product_tag","embeddable":true,"href":"https:\/\/monster-tribe.com\/it\/wp-json\/wp\/v2\/product_tag?post=3174"}],"curies":[{"name":"wp","href":"https:\/\/api.w.org\/{rel}","templated":true}]}}