{"id":3335,"date":"2026-01-08T16:20:26","date_gmt":"2026-01-08T16:20:26","guid":{"rendered":"https:\/\/monster-tribe.com\/product\/stacies-cool-t-shirt\/"},"modified":"2026-01-08T16:21:31","modified_gmt":"2026-01-08T16:21:31","slug":"stacies-cool-t-shirt","status":"publish","type":"product","link":"https:\/\/monster-tribe.com\/it\/prodotto\/stacies-cool-t-shirt\/","title":{"rendered":"La Maglietta di Stacie"},"content":{"rendered":"<p>Stacie \u00e8 una viaggiatrice. Ha una voglia matta di nuove esperienze e nuovi posti. Vuole vedere la Torre Eiffel, vuole esplorare le piramidi. Ha appena iniziato a uscire e a scoprire questo vasto mondo, quindi se siete in giro, tenete gli occhi aperti... potreste trovare Stacie a scattarsi selfie davanti a qualche monumento imponente!<\/p>\n<p>Questa maglietta di Stacie \u00e8 un'edizione limitata e lei ha firmato con il suo nome l'etichetta dell'edizione limitata sul retro della maglietta. <\/p>\n<p>L'edizione limitata termina a giugno 2026, quindi collezionala finch\u00e9 puoi!<\/p>\n<p>Ora hai trovato la t-shirt essenziale del tuo guardaroba. \u00c8 realizzata in 100% cotone filato ad anello ed \u00e8 morbida e confortevole. Le doppie cuciture su scollo e maniche la rendono pi\u00f9 resistente e sicuramente diventer\u00e0 la tua preferita!  <\/p>\n<p class=\"translation-block\">\u2022 100% cotone ring-spun<br>\n\u2022 Il grigio Sport \u00e8 90% cotone ring-spun, 10% poliestere<br>\n\u2022 Il m\u00e9lange scuro \u00e8 65% poliestere, 35% cotone<br>\n\u2022 153 g\/m\u00b2 (4,5 oz\/yd\u00b2)<br>\n\u2022 Nastro da spalla a spalla<br>\n\u2022 Rivoltato a un quarto per evitare pieghe al centro<br>\n\u2022 Prodotto grezzo proveniente da Bangladesh, Nicaragua, Honduras, Repubblica Dominicana, Haiti o Guatemala<\/p>\n<p>Disclaimer: a causa delle propriet\u00e0 del tessuto, la variante di colore bianco potrebbe apparire bianco sporco anzich\u00e9 bianco brillante.<\/p>\n<p class=\"translation-block\">Limitazioni di et\u00e0: per adulti<br>\nGaranzia UE: 2 anni<br>\nAltre informazioni sulla conformit\u00e0: soddisfa i requisiti di infiammabilit\u00e0, piombo, cadmio, ftalati e formaldeide.<\/p>\n<p class=\"translation-block\">In conformit\u00e0 con il Regolamento Generale sulla Sicurezza dei Prodotti (GPSR), <b>Christina Ayer<\/b> garantisce che tutti i prodotti di consumo offerti siano sicuri e conformi agli standard UE. Per qualsiasi domanda o dubbio relativo alla sicurezza dei prodotti, contattateci all'indirizzo <b>ayer.christina@gmail.com<\/b> o scriveteci <b>tramite S. Moretti 70, Sabbio Chiese, Italia.<b><\/b><\/b><\/p>","protected":false},"excerpt":{"rendered":"<p>Stacie \u00e8 una viaggiatrice.  Ha un appetito vorace per nuove esperienze e nuovi luoghi.  Vuole vedere la Torre Eiffel, vuole esplorare le piramidi.  Ha appena iniziato a uscire e a sperimentare questo grande mondo, quindi se siete in giro, tenete gli occhi aperti... potreste trovare Stacie che si scatta dei selfie davanti a qualche grande monumento!<\/p>","protected":false},"featured_media":3366,"comment_status":"open","ping_status":"closed","template":"","meta":[],"product_brand":[],"product_cat":[128,96,48],"product_tag":[],"class_list":{"0":"post-3335","1":"product","2":"type-product","3":"status-publish","4":"has-post-thumbnail","6":"product_cat-january-team-2026","7":"product_cat-stacie","8":"product_cat-t-shirts","10":"first","11":"instock","12":"shipping-taxable","13":"purchasable","14":"product-type-variable"},"_links":{"self":[{"href":"https:\/\/monster-tribe.com\/it\/wp-json\/wp\/v2\/product\/3335","targetHints":{"allow":["GET"]}}],"collection":[{"href":"https:\/\/monster-tribe.com\/it\/wp-json\/wp\/v2\/product"}],"about":[{"href":"https:\/\/monster-tribe.com\/it\/wp-json\/wp\/v2\/types\/product"}],"replies":[{"embeddable":true,"href":"https:\/\/monster-tribe.com\/it\/wp-json\/wp\/v2\/comments?post=3335"}],"wp:featuredmedia":[{"embeddable":true,"href":"https:\/\/monster-tribe.com\/it\/wp-json\/wp\/v2\/media\/3366"}],"wp:attachment":[{"href":"https:\/\/monster-tribe.com\/it\/wp-json\/wp\/v2\/media?parent=3335"}],"wp:term":[{"taxonomy":"product_brand","embeddable":true,"href":"https:\/\/monster-tribe.com\/it\/wp-json\/wp\/v2\/product_brand?post=3335"},{"taxonomy":"product_cat","embeddable":true,"href":"https:\/\/monster-tribe.com\/it\/wp-json\/wp\/v2\/product_cat?post=3335"},{"taxonomy":"product_tag","embeddable":true,"href":"https:\/\/monster-tribe.com\/it\/wp-json\/wp\/v2\/product_tag?post=3335"}],"curies":[{"name":"wp","href":"https:\/\/api.w.org\/{rel}","templated":true}]}}