{"id":3599,"date":"2026-01-08T17:05:50","date_gmt":"2026-01-08T17:05:50","guid":{"rendered":"https:\/\/monster-tribe.com\/product\/charleys-cool-t-shirt\/"},"modified":"2026-01-12T12:16:17","modified_gmt":"2026-01-12T12:16:17","slug":"charleys-cool-t-shirt","status":"publish","type":"product","link":"https:\/\/monster-tribe.com\/it\/prodotto\/charleys-cool-t-shirt\/","title":{"rendered":"La Maglietta di Charley"},"content":{"rendered":"<p>A Charley piace apparire feroce, ma in realt\u00e0 \u00e8 dolce come una torta. I suoi amici sono la cosa pi\u00f9 importante al mondo per lui e farebbe qualsiasi cosa per proteggerli. <\/p>\n<p>Questa maglietta di Charley \u00e8 un'edizione limitata e lui ha firmato con il suo nome l'etichetta dell'edizione limitata sul retro della maglietta. <\/p>\n<p>L'edizione limitata termina a giugno 2026, quindi collezionala finch\u00e9 puoi!<\/p>\n<p>Ora hai trovato la t-shirt essenziale del tuo guardaroba. \u00c8 realizzata in 100% cotone filato ad anello ed \u00e8 morbida e confortevole. Le doppie cuciture su scollo e maniche la rendono pi\u00f9 resistente e sicuramente diventer\u00e0 la tua preferita!  <\/p>\n<p class=\"translation-block\">\u2022 100% cotone ring-spun<br>\n\u2022 Il grigio Sport \u00e8 90% cotone ring-spun, 10% poliestere<br>\n\u2022 Il m\u00e9lange scuro \u00e8 65% poliestere, 35% cotone<br>\n\u2022 153 g\/m\u00b2 (4,5 oz\/yd\u00b2)<br>\n\u2022 Nastro da spalla a spalla<br>\n\u2022 Rivoltato a un quarto per evitare pieghe al centro<br>\n\u2022 Prodotto grezzo proveniente da Bangladesh, Nicaragua, Honduras, Repubblica Dominicana, Haiti o Guatemala<\/p>\n<p>Disclaimer: a causa delle propriet\u00e0 del tessuto, la variante di colore bianco potrebbe apparire bianco sporco anzich\u00e9 bianco brillante.<\/p>","protected":false},"excerpt":{"rendered":"<p>A Charley piace apparire feroce, ma in realt\u00e0 \u00e8 dolce come una torta. I suoi amici sono la cosa pi\u00f9 importante al mondo per lui e farebbe qualsiasi cosa per proteggerli. \nQuesta maglietta di Charley \u00e8 un'edizione limitata e lui ha firmato con il suo nome l'etichetta dell'edizione limitata sul retro della maglietta.<\/p>","protected":false},"featured_media":3630,"comment_status":"open","ping_status":"closed","template":"","meta":[],"product_brand":[],"product_cat":[87,139,128,48],"product_tag":[],"class_list":{"0":"post-3599","1":"product","2":"type-product","3":"status-publish","4":"has-post-thumbnail","6":"product_cat-charley","7":"product_cat-featured","8":"product_cat-january-team-2026","9":"product_cat-t-shirts","11":"first","12":"instock","13":"shipping-taxable","14":"purchasable","15":"product-type-variable"},"_links":{"self":[{"href":"https:\/\/monster-tribe.com\/it\/wp-json\/wp\/v2\/product\/3599","targetHints":{"allow":["GET"]}}],"collection":[{"href":"https:\/\/monster-tribe.com\/it\/wp-json\/wp\/v2\/product"}],"about":[{"href":"https:\/\/monster-tribe.com\/it\/wp-json\/wp\/v2\/types\/product"}],"replies":[{"embeddable":true,"href":"https:\/\/monster-tribe.com\/it\/wp-json\/wp\/v2\/comments?post=3599"}],"wp:featuredmedia":[{"embeddable":true,"href":"https:\/\/monster-tribe.com\/it\/wp-json\/wp\/v2\/media\/3630"}],"wp:attachment":[{"href":"https:\/\/monster-tribe.com\/it\/wp-json\/wp\/v2\/media?parent=3599"}],"wp:term":[{"taxonomy":"product_brand","embeddable":true,"href":"https:\/\/monster-tribe.com\/it\/wp-json\/wp\/v2\/product_brand?post=3599"},{"taxonomy":"product_cat","embeddable":true,"href":"https:\/\/monster-tribe.com\/it\/wp-json\/wp\/v2\/product_cat?post=3599"},{"taxonomy":"product_tag","embeddable":true,"href":"https:\/\/monster-tribe.com\/it\/wp-json\/wp\/v2\/product_tag?post=3599"}],"curies":[{"name":"wp","href":"https:\/\/api.w.org\/{rel}","templated":true}]}}