{"id":3726,"date":"2026-01-09T12:29:02","date_gmt":"2026-01-09T12:29:02","guid":{"rendered":"https:\/\/monster-tribe.com\/product\/angelica-sticker-7-6x7-6cm\/"},"modified":"2026-01-09T12:29:19","modified_gmt":"2026-01-09T12:29:19","slug":"angelica-sticker-7-6x7-6cm","status":"publish","type":"product","link":"https:\/\/monster-tribe.com\/it\/prodotto\/angelica-sticker-7-6x7-6cm\/","title":{"rendered":"Adesivo Angelica 7,6\u00d77,6 cm"},"content":{"rendered":"<p>Questi adesivi sono stampati su vinile adesivo resistente e ad alta opacit\u00e0, che li rende perfetti per un uso regolare, ma anche per coprire altri adesivi o vernici. Il vinile di alta qualit\u00e0 garantisce l'assenza di bolle durante l'applicazione.<\/p>\n<p class=\"translation-block\">\u2022 Pellicola ad alta opacit\u00e0, impossibile da vedere attraverso<br>\n\u2022 Applicazione rapida e semplice, senza bolle<br>\n\u2022 Vinile resistente<br>\n\u2022 Densit\u00e0 95\u00b5<\/p>\n<p>Non dimenticare di pulire la superficie prima di applicare gli adesivi.<\/p>\n<p class=\"translation-block\">Limitazioni di et\u00e0: per adulti\nGaranzia UE: 2 anni<\/p>\n<p class=\"translation-block\">In conformit\u00e0 con il Regolamento Generale sulla Sicurezza dei Prodotti (GPSR), <b>Christina Ayer<\/b> garantisce che tutti i prodotti di consumo offerti siano sicuri e conformi agli standard UE. Per qualsiasi domanda o dubbio relativo alla sicurezza dei prodotti, contattateci all'indirizzo <b>ayer.christina@gmail.com<\/b> o scriveteci <b>tramite S. Moretti 70, Sabbio Chiese, Italia.<b><\/b><\/b><\/p>","protected":false},"excerpt":{"rendered":"<p>Questi adesivi sono stampati su vinile adesivo resistente e ad alta opacit\u00e0, che li rende perfetti per l'uso quotidiano e per coprire altri adesivi o vernici. Il vinile di alta qualit\u00e0 garantisce l'assenza di bolle durante l'applicazione degli adesivi. \u2022 Pellicola ad alta opacit\u00e0, impossibile da vedere attraverso \u2022 Applicazione rapida e semplice, senza bolle \u2022 Resistente [\u2026]<\/p>","protected":false},"featured_media":3727,"comment_status":"open","ping_status":"closed","template":"","meta":[],"product_brand":[],"product_cat":[53,128,125],"product_tag":[],"class_list":{"0":"post-3726","1":"product","2":"type-product","3":"status-publish","4":"has-post-thumbnail","6":"product_cat-angelica","7":"product_cat-january-team-2026","8":"product_cat-stickers","10":"first","11":"instock","12":"shipping-taxable","13":"purchasable","14":"product-type-simple"},"_links":{"self":[{"href":"https:\/\/monster-tribe.com\/it\/wp-json\/wp\/v2\/product\/3726","targetHints":{"allow":["GET"]}}],"collection":[{"href":"https:\/\/monster-tribe.com\/it\/wp-json\/wp\/v2\/product"}],"about":[{"href":"https:\/\/monster-tribe.com\/it\/wp-json\/wp\/v2\/types\/product"}],"replies":[{"embeddable":true,"href":"https:\/\/monster-tribe.com\/it\/wp-json\/wp\/v2\/comments?post=3726"}],"wp:featuredmedia":[{"embeddable":true,"href":"https:\/\/monster-tribe.com\/it\/wp-json\/wp\/v2\/media\/3727"}],"wp:attachment":[{"href":"https:\/\/monster-tribe.com\/it\/wp-json\/wp\/v2\/media?parent=3726"}],"wp:term":[{"taxonomy":"product_brand","embeddable":true,"href":"https:\/\/monster-tribe.com\/it\/wp-json\/wp\/v2\/product_brand?post=3726"},{"taxonomy":"product_cat","embeddable":true,"href":"https:\/\/monster-tribe.com\/it\/wp-json\/wp\/v2\/product_cat?post=3726"},{"taxonomy":"product_tag","embeddable":true,"href":"https:\/\/monster-tribe.com\/it\/wp-json\/wp\/v2\/product_tag?post=3726"}],"curies":[{"name":"wp","href":"https:\/\/api.w.org\/{rel}","templated":true}]}}